{"id":467,"date":"2024-08-05T10:24:42","date_gmt":"2024-08-05T13:24:42","guid":{"rendered":"https:\/\/sefaz.eunapolis.ba.gov.br\/?page_id=467"},"modified":"2024-08-21T15:36:41","modified_gmt":"2024-08-21T18:36:41","slug":"organograma","status":"publish","type":"page","link":"https:\/\/sefaz.eunapolis.ba.gov.br\/?page_id=467","title":{"rendered":"Organograma do N\u00facleo de Tributos e Arrecada\u00e7\u00e3o"},"content":{"rendered":"\t\t<div data-elementor-type=\"wp-page\" data-elementor-id=\"467\" class=\"elementor elementor-467\" data-elementor-post-type=\"page\">\n\t\t\t\t<div class=\"elementor-element elementor-element-30ef7ae e-flex e-con-boxed e-con e-parent\" data-id=\"30ef7ae\" data-element_type=\"container\">\n\t\t\t\t\t<div class=\"e-con-inner\">\n\t\t\t\t<div class=\"elementor-element elementor-element-8490173 elementor-widget elementor-widget-heading\" data-id=\"8490173\" data-element_type=\"widget\" data-widget_type=\"heading.default\">\n\t\t\t\t<div class=\"elementor-widget-container\">\n\t\t\t\t\t<h2 class=\"elementor-heading-title elementor-size-default\">Organograma do N\u00facleo de Tributos e Arrecada\u00e7\u00e3o<\/h2>\t\t\t\t<\/div>\n\t\t\t\t<\/div>\n\t\t\t\t<div class=\"elementor-element elementor-element-9483b02 elementor-widget elementor-widget-spacer\" data-id=\"9483b02\" data-element_type=\"widget\" data-widget_type=\"spacer.default\">\n\t\t\t\t<div class=\"elementor-widget-container\">\n\t\t\t\t\t\t\t<div class=\"elementor-spacer\">\n\t\t\t<div class=\"elementor-spacer-inner\"><\/div>\n\t\t<\/div>\n\t\t\t\t\t\t<\/div>\n\t\t\t\t<\/div>\n\t\t\t\t\t<\/div>\n\t\t\t\t<\/div>\n\t\t<div class=\"elementor-element elementor-element-ce1e2f9 e-flex e-con-boxed e-con e-parent\" data-id=\"ce1e2f9\" data-element_type=\"container\">\n\t\t\t\t\t<div class=\"e-con-inner\">\n\t\t\t\t<div class=\"elementor-element elementor-element-b049a8e elementor-widget elementor-widget-image\" data-id=\"b049a8e\" data-element_type=\"widget\" data-widget_type=\"image.default\">\n\t\t\t\t<div class=\"elementor-widget-container\">\n\t\t\t\t\t\t\t\t\t\t\t\t\t\t\t<img fetchpriority=\"high\" decoding=\"async\" width=\"800\" height=\"363\" src=\"https:\/\/sefaz.eunapolis.ba.gov.br\/wp-content\/uploads\/2024\/08\/organograma-sefaz-eunapolis-e1724265231747-1024x465.jpeg\" class=\"attachment-large size-large wp-image-468\" alt=\"\" \/>\t\t\t\t\t\t\t\t\t\t\t\t\t\t\t<\/div>\n\t\t\t\t<\/div>\n\t\t\t\t\t<\/div>\n\t\t\t\t<\/div>\n\t\t\t\t<\/div>\n\t\t","protected":false},"excerpt":{"rendered":"<p>Organograma do N\u00facleo de Tributos e Arrecada\u00e7\u00e3o<\/p>\n","protected":false},"author":1,"featured_media":0,"parent":0,"menu_order":0,"comment_status":"closed","ping_status":"closed","template":"","meta":{"footnotes":""},"class_list":["post-467","page","type-page","status-publish","hentry"],"_links":{"self":[{"href":"https:\/\/sefaz.eunapolis.ba.gov.br\/index.php?rest_route=\/wp\/v2\/pages\/467","targetHints":{"allow":["GET"]}}],"collection":[{"href":"https:\/\/sefaz.eunapolis.ba.gov.br\/index.php?rest_route=\/wp\/v2\/pages"}],"about":[{"href":"https:\/\/sefaz.eunapolis.ba.gov.br\/index.php?rest_route=\/wp\/v2\/types\/page"}],"author":[{"embeddable":true,"href":"https:\/\/sefaz.eunapolis.ba.gov.br\/index.php?rest_route=\/wp\/v2\/users\/1"}],"replies":[{"embeddable":true,"href":"https:\/\/sefaz.eunapolis.ba.gov.br\/index.php?rest_route=%2Fwp%2Fv2%2Fcomments&post=467"}],"version-history":[{"count":20,"href":"https:\/\/sefaz.eunapolis.ba.gov.br\/index.php?rest_route=\/wp\/v2\/pages\/467\/revisions"}],"predecessor-version":[{"id":551,"href":"https:\/\/sefaz.eunapolis.ba.gov.br\/index.php?rest_route=\/wp\/v2\/pages\/467\/revisions\/551"}],"wp:attachment":[{"href":"https:\/\/sefaz.eunapolis.ba.gov.br\/index.php?rest_route=%2Fwp%2Fv2%2Fmedia&parent=467"}],"curies":[{"name":"wp","href":"https:\/\/api.w.org\/{rel}","templated":true}]}}